{"id":196,"date":"2014-11-06T16:36:52","date_gmt":"2014-11-06T15:36:52","guid":{"rendered":"http:\/\/www.ciemme80.it\/it\/?page_id=196"},"modified":"2020-05-25T16:54:32","modified_gmt":"2020-05-25T14:54:32","slug":"maschinenpark","status":"publish","type":"page","link":"https:\/\/www.ciemme80.it\/de\/maschinenpark\/","title":{"rendered":"Maschinenpark"},"content":{"rendered":"<p><b>CIEMME 80<\/b> hat immer wieder in hochqualitativen CNC-Maschinen wie Mazak, Mori Seiki, Okuma investiert, um die h\u00f6chste Pr\u00e4zision und Flexibilit\u00e4t zu gew\u00e4hrleisten.<\/p>\n<div class=\"one_first first_column\" data-folder=\"column\" data-type=\"\">\n<div data-folder=\"tab\" data-type=\"toggle\">\n<div class=\"accordion\">\n<div class=\"acc\">\n<p><a class=\"tog current\" href=\"#\">CNC-Fr\u00e4sen<\/a><\/p>\n<div class=\"tab_content\" style=\"display: block;\">\n<table class=\"table2\">\n<tbody>\n<tr>\n<td rowspan=\"5\" valign=\"top\"><strong>N\u00b01<\/strong><\/td>\n<td rowspan=\"5\" valign=\"top\" width=\"335\"><strong>YAMAZAKI MAZAK VARIAXIS i-700<\/strong><\/p>\n<p>Bearbeitungszentrum f\u00fcr die Mehrseitenbearbeitung mit 5-Achsen-Simultansteuerung mit Renishaw 3D, Hochdruck, K\u00fchlschmiermittel<\/td>\n<td width=\"210\">Verfahrbereich<\/td>\n<td width=\"150\">X = 630 mm<\/p>\n<p>Y = 1100 mm<\/p>\n<p>Z = 600 mm<\/td>\n<\/tr>\n<tr>\n<td>Max. Werkst\u00fcckdurchmesser<\/td>\n<td>850mm<\/td>\n<\/tr>\n<tr>\n<td>Kegel<\/td>\n<td>ISO 40<\/td>\n<\/tr>\n<tr>\n<td>Anzahl Werkzeuge<\/td>\n<td>40<\/td>\n<\/tr>\n<tr>\n<td>Umdrehungen \/ min<\/td>\n<td>18.000<\/td>\n<\/tr>\n<\/tbody>\n<\/table>\n<table class=\"table2\">\n<tbody>\n<tr>\n<td rowspan=\"5\" valign=\"top\"><strong>N\u00b01<\/strong><\/p>\n<p>&nbsp;<\/td>\n<td rowspan=\"5\" valign=\"top\" width=\"335\"><strong>YAMAZAKI MAZAK VARIAXIS i-600<\/strong><\/p>\n<p>Bearbeitungszentrum f\u00fcr die Mehrseitenbearbeitung mit 5-Achsen-Simultansteuerung mit Renishaw 3D, Hochdruck, K\u00fchlschmiermittel<br \/>\nCNC MAZATROL SmoothG<\/td>\n<td width=\"210\">Verfahrbereich<\/td>\n<td width=\"150\">X = 510 mm<\/p>\n<p>Y = 910 mm<\/p>\n<p>Z = 510 mm<\/td>\n<\/tr>\n<tr>\n<td>Max. Werkst\u00fcckdurchmesser<\/td>\n<td>700mm<\/td>\n<\/tr>\n<tr>\n<td>Werkzeugaufnahme<\/td>\n<td>ISO 40<\/td>\n<\/tr>\n<tr>\n<td>Anzahl Werkzeugpl\u00e4tze<\/td>\n<td>40<\/td>\n<\/tr>\n<tr>\n<td>Max. Drehzahl<\/td>\n<td>18.000 min.<\/td>\n<\/tr>\n<\/tbody>\n<\/table>\n<table class=\"table2\">\n<tbody>\n<tr>\n<td rowspan=\"4\" valign=\"top\"><strong>N\u00b01<\/strong><\/p>\n<p>&nbsp;<\/td>\n<td rowspan=\"4\" valign=\"top\" width=\"335\"><strong>YAMAZAKI MAZAK VTC-760C<\/strong><\/p>\n<p>Vertikales Bearbeitungszentrum<br \/>\nCNC MAZATROL SmoothG<\/td>\n<td width=\"210\">Verfahrbereich<\/td>\n<td width=\"150\">X =\u00a01740 mm<\/p>\n<p>Y =\u00a0760 mm<\/p>\n<p>Z = 6600 mm<\/td>\n<\/tr>\n<tr>\n<td>Werkzeugaufnahme<\/td>\n<td>ISO 40<\/td>\n<\/tr>\n<tr>\n<td>Anzahl Werkzeugpl\u00e4tze<\/td>\n<td>30<\/td>\n<\/tr>\n<tr>\n<td>Max. Drehzahl<\/td>\n<td>12.000 min.<\/td>\n<\/tr>\n<\/tbody>\n<\/table>\n<table class=\"table2\">\n<tbody>\n<tr>\n<td rowspan=\"5\" valign=\"top\"><strong>N\u00b01<\/strong><\/td>\n<td rowspan=\"5\" valign=\"top\" width=\"335\"><strong>MORI SEIKI SH 633<\/strong><\/p>\n<p>CNC &#8211; Horizontale Fr\u00e4smaschine<\/td>\n<td width=\"210\">Palette<\/td>\n<td width=\"150\">N\u00b010 &#8211; 630&#215;630<\/td>\n<\/tr>\n<tr>\n<td>Verfahrbereich<\/td>\n<td>X = 800 mm<\/p>\n<p>Y = 800 mm<\/p>\n<p>Z = 800 mm<\/td>\n<\/tr>\n<tr>\n<td>Kegel<\/td>\n<td>BTB 50<\/td>\n<\/tr>\n<tr>\n<td>Anzahl Werkzeuge<\/td>\n<td>180<\/td>\n<\/tr>\n<tr>\n<td>Umdrehungen \/ min<\/td>\n<td>10.000<\/td>\n<\/tr>\n<\/tbody>\n<\/table>\n<table class=\"table2\">\n<tbody>\n<tr>\n<td rowspan=\"4\" valign=\"top\"><strong>N\u00b01<\/strong><\/td>\n<td rowspan=\"4\" valign=\"top\" width=\"335\"><strong>MORI SEIKI NV 5000<\/strong><\/p>\n<p>CNC &#8211; Vertikale Fr\u00e4szentren<\/td>\n<td width=\"210\">Verfahrbereich<\/td>\n<td width=\"150\">X = 800 mm<\/p>\n<p>Y = 500 mm<\/p>\n<p>Z = 650 mm<\/td>\n<\/tr>\n<tr>\n<td>Kegel<\/td>\n<td>BTB 40<\/td>\n<\/tr>\n<tr>\n<td>Anzahl Werkzeuge<\/td>\n<td>30<\/td>\n<\/tr>\n<tr>\n<td>Undrehungen \/ min<\/td>\n<td>14.000<\/td>\n<\/tr>\n<\/tbody>\n<\/table>\n<table class=\"table2\">\n<tbody>\n<tr>\n<td rowspan=\"3\" valign=\"top\"><strong>N\u00b01<\/strong><\/td>\n<td rowspan=\"3\" valign=\"top\" width=\"335\"><strong>MAHO MH1200S<\/strong><\/p>\n<p>CNC &#8211; Horizontale und Vertikale Fr\u00e4smaschine (5 Achsen)<\/td>\n<td width=\"210\">Drehtisch<\/td>\n<td width=\"150\">D. 1.000 mm<\/td>\n<\/tr>\n<tr>\n<td>Verfarhweg<\/td>\n<td>X = 1200 mm<\/p>\n<p>Y = 600 mm<\/p>\n<p>Z = 600 mm<\/td>\n<\/tr>\n<tr>\n<td>Anzahl Werkzeuge<\/td>\n<td>36<\/td>\n<\/tr>\n<\/tbody>\n<\/table>\n<\/div>\n<\/div>\n<div class=\"acc\">\n<p><a class=\"tog\" href=\"#\">CNC-Drehen<\/a><\/p>\n<div class=\"tab_content\">\n<table class=\"table2\">\n<tbody>\n<tr>\n<td rowspan=\"3\" valign=\"top\"><strong>N\u00b01<\/strong><\/td>\n<td rowspan=\"3\" valign=\"top\" width=\"335\"><strong>OKUMA LB 15<\/strong><\/p>\n<p>CNC &#8211; 2 Achsen Drehmaschine mit motorbetriebenen Werkzeugen und Stangendr\u00fccker<\/td>\n<td width=\"210\">Max. Durchmesser<\/td>\n<td width=\"255\">\u00d8 400 mm<\/td>\n<\/tr>\n<tr>\n<td>Max. Teilel\u00e4nge<\/td>\n<td>1000 mm<\/td>\n<\/tr>\n<tr>\n<td>Stangen Durchgang<\/td>\n<td>\u00d8 65 mm<\/td>\n<\/tr>\n<\/tbody>\n<\/table>\n<table class=\"table2\">\n<tbody>\n<tr>\n<td rowspan=\"3\" valign=\"top\"><strong>N\u00b01<\/strong><\/td>\n<td rowspan=\"3\" valign=\"top\" width=\"335\"><strong>OKUMA LB 25<\/strong><\/p>\n<p>CNC &#8211; 2 Achsen Drehmaschine mit motorbetriebenen Werkzeugen<\/td>\n<td width=\"210\">Max. Durchmesser<\/td>\n<td width=\"255\">\u00d8 500 mm<\/td>\n<\/tr>\n<tr>\n<td>Max. Teilel\u00e4nge<\/td>\n<td>600 mm<\/td>\n<\/tr>\n<tr>\n<td>Stangen-Durchgang<\/td>\n<td>\u00d8 90 mm<\/td>\n<\/tr>\n<\/tbody>\n<\/table>\n<table class=\"table2\">\n<tbody>\n<tr>\n<td rowspan=\"3\" valign=\"top\"><strong>N\u00b01<\/strong><\/td>\n<td rowspan=\"3\" valign=\"top\" width=\"335\"><strong>OKUMA LR 15<\/strong><\/p>\n<p>CNC &#8211; 4 Achsen Drehmaschine(2 Revolver)<\/td>\n<td width=\"210\">Max. Durchmesser<\/td>\n<td width=\"255\">\u00d8 300 mm<\/td>\n<\/tr>\n<tr>\n<td>Max. Teilel\u00e4nge<\/td>\n<td>600 mm<\/td>\n<\/tr>\n<tr>\n<td>Stangen &#8211; Durchgang<\/td>\n<td width=\"255\">\u00d8 65 mm<\/td>\n<\/tr>\n<\/tbody>\n<tbody>\n<tr>\n<td rowspan=\"3\" valign=\"top\"><strong>N\u00b01<br \/>\n<img loading=\"lazy\" decoding=\"async\" class=\"alignnone wp-image-280 size-full\" src=\"http:\/\/www.ciemme80.it\/wp-content\/uploads\/2014\/10\/iconew1-e1512717432417.jpg\" alt=\"iconew\" width=\"25\" height=\"26\" \/><br \/>\n<\/strong><\/td>\n<td rowspan=\"3\" valign=\"top\" width=\"335\"><strong>DMG MORI NLX 2500-700<\/strong><br \/>\nY &#8211; Achse Drehmaschine mit angetriebenen Werkzeugen<\/td>\n<td width=\"210\">Max. Drehdurchmesser<\/td>\n<td width=\"255\">\u2205 366 mm<\/td>\n<\/tr>\n<tr>\n<td>Max. Drehl\u00e4nge<\/td>\n<td>705 mm<\/td>\n<\/tr>\n<tr>\n<td>Stangen Durchgang<\/td>\n<td width=\"255\">\u2205 80 mm<\/td>\n<\/tr>\n<\/tbody>\n<\/table>\n<\/div>\n<\/div>\n<div class=\"acc\">\n<p><a class=\"tog\" href=\"#\">Traditionelle Maschinen<\/a><\/p>\n<div class=\"tab_content\">\n<table class=\"table2\">\n<tbody>\n<tr>\n<td valign=\"top\"><strong>N\u00b02<\/strong><\/td>\n<td valign=\"top\" width=\"335\"><strong>ALCOR Fr\u00e4smashcinen<\/strong><\/td>\n<td width=\"300\">Arbeitsbereich<\/td>\n<td width=\"120\">X = 900 mm<\/p>\n<p>Y = 400 mm<\/td>\n<\/tr>\n<\/tbody>\n<\/table>\n<table class=\"table2\">\n<tbody>\n<tr>\n<td rowspan=\"2\" valign=\"top\"><strong>N\u00b02<\/strong><\/td>\n<td rowspan=\"2\" valign=\"top\" width=\"335\"><strong>Parallel Drehmaschinen<\/strong><\/td>\n<td width=\"300\">Max. Durchmesser<\/td>\n<td width=\"120\">\u00d8 300 mm<\/td>\n<\/tr>\n<tr>\n<td>Max. Teilel\u00e4nge<\/td>\n<td>1500 mm<\/td>\n<\/tr>\n<\/tbody>\n<\/table>\n<table class=\"table2\">\n<tbody>\n<tr>\n<td valign=\"top\"><strong>N\u00b02<\/strong><\/td>\n<td valign=\"top\" width=\"335\"><strong>SERRMAC<\/strong><\/td>\n<td width=\"300\">S\u00e4ulenbohrmaschinen<\/td>\n<\/tr>\n<\/tbody>\n<\/table>\n<table class=\"table2\">\n<tbody>\n<tr>\n<td valign=\"top\"><strong>N\u00b01<\/strong><\/td>\n<td valign=\"top\" width=\"335\"><strong>AMADA 250<\/strong><\/td>\n<td width=\"300\">Automatische S\u00e4ge<\/td>\n<\/tr>\n<\/tbody>\n<\/table>\n<table class=\"table2\">\n<tbody>\n<tr>\n<td valign=\"top\"><strong>N\u00b02<\/strong><\/td>\n<td valign=\"top\" width=\"335\"><strong>PEDRAZZOLI<\/strong><\/td>\n<td width=\"300\">Automatische und manuelle S\u00e4ge<\/td>\n<\/tr>\n<\/tbody>\n<\/table>\n<table class=\"table2\">\n<tbody>\n<tr>\n<td valign=\"top\"><strong>N\u00b01<\/strong><\/td>\n<td valign=\"top\" width=\"335\"><strong>Schleif-Poliertrommel<\/strong><\/td>\n<td width=\"300\"><\/td>\n<\/tr>\n<\/tbody>\n<\/table>\n<\/div>\n<\/div>\n<div class=\"acc\">\n<p><a class=\"tog\" href=\"#\">Vertikalstapellager<\/a><\/p>\n<div class=\"tab_content\">\n<table class=\"table2\">\n<tbody>\n<tr>\n<td valign=\"top\"><strong>N\u00b01<\/strong><\/td>\n<td valign=\"top\" width=\"335\"><strong>MODULA S500 SYSTEM<\/strong><\/td>\n<td>Vertikalstapellager mit 63 Regalen<\/td>\n<\/tr>\n<\/tbody>\n<\/table>\n<\/div>\n<\/div>\n<div class=\"acc\">\n<p><a class=\"tog\" href=\"#\">Mess- und Pr\u00fcfmittel<\/a><\/p>\n<div class=\"tab_content\">\n<table class=\"table2\">\n<tbody>\n<tr>\n<td rowspan=\"3\" valign=\"top\"><strong>N\u00b01<\/strong><\/td>\n<td rowspan=\"3\" valign=\"top\" width=\"335\"><strong>CONTURA RDS von ZEISS<\/strong><\/p>\n<p>Portalmessger\u00e4t CMM<\/td>\n<td width=\"100\">Messbereich<\/td>\n<td width=\"208\">X = 1.000 mm<\/p>\n<p>Y = 1.200 mm<\/p>\n<p>Z = 600 mm<\/td>\n<\/tr>\n<tr>\n<td>Scanningsensor<\/td>\n<td>RDS\/Vast xxt<br \/>\nFl\u00fcssige Messungen20.736 Positionen<br \/>\n(in 2.5\u00b0 Schritten)<\/td>\n<\/tr>\n<tr>\n<td>Software<\/td>\n<td>CALYPSO<\/td>\n<\/tr>\n<\/tbody>\n<\/table>\n<table class=\"table2\">\n<tbody>\n<tr>\n<td valign=\"top\"><strong>N\u00b01<\/strong><\/td>\n<td valign=\"top\" width=\"335\"><strong>MITUTOYO SJ-210<\/strong><\/td>\n<td width=\"350\">Rauheitsmesser<\/td>\n<\/tr>\n<\/tbody>\n<\/table>\n<table class=\"table2\">\n<tbody>\n<tr>\n<td valign=\"top\"><strong>N\u00b01<\/strong><\/td>\n<td valign=\"top\" width=\"335\"><strong>JOHANSSON TOPAZ<\/strong><\/td>\n<td width=\"350\">3D Messung Maschine<\/td>\n<\/tr>\n<\/tbody>\n<\/table>\n<table class=\"table2\">\n<tbody>\n<tr>\n<td valign=\"top\"><strong>N\u00b01<\/strong><\/td>\n<td valign=\"top\" width=\"335\"><strong>STARRET HE 350<\/strong><\/td>\n<td width=\"350\">Profilprojektor<\/td>\n<\/tr>\n<\/tbody>\n<\/table>\n<table class=\"table2\">\n<tbody>\n<tr>\n<td valign=\"top\"><strong>N\u00b02<\/strong><\/td>\n<td valign=\"top\" width=\"335\"><strong>TRIMOS<\/strong><\/td>\n<td width=\"350\">H\u00f6hemessung<\/td>\n<\/tr>\n<\/tbody>\n<\/table>\n<table class=\"table2\">\n<tbody>\n<tr>\n<td valign=\"top\"><strong>N\u00b01<\/strong><\/td>\n<td valign=\"top\" width=\"335\"><strong>H\u00e4rtemessger\u00e4t ALPA<\/strong><\/td>\n<td width=\"350\">H\u00e4rtemessger\u00e4t Rockwell<\/td>\n<\/tr>\n<\/tbody>\n<\/table>\n<table class=\"table2\">\n<tbody>\n<tr>\n<td rowspan=\"2\" valign=\"top\"><strong>N\u00b02<\/strong><\/td>\n<td rowspan=\"2\" valign=\"top\" width=\"335\"><strong>BORLETTI<\/strong><\/td>\n<td colspan=\"2\" width=\"350\">Messfl\u00e4che in &#8220;Diabase&#8221;<\/td>\n<\/tr>\n<tr>\n<td>Ma\u00dfe<\/td>\n<td>1000x630x150 2000x1000x200<\/td>\n<\/tr>\n<\/tbody>\n<\/table>\n<table class=\"table2\" width=\"833\">\n<tbody>\n<tr>\n<td valign=\"top\" width=\"29\"><\/td>\n<td valign=\"top\" width=\"804\">Konzentrizit\u00e4tspr\u00fcfmittel, Innen- und Au\u00dfen- Tausendstel Mikrometer, Bohrungsmesser, Endma\u00dfe, Vergleicher, Lehren\/Gegenst\u00fccke&#8230;<\/td>\n<\/tr>\n<\/tbody>\n<\/table>\n<\/div>\n<\/div>\n<\/div>\n<\/div>\n<\/div>\n","protected":false},"excerpt":{"rendered":"<p>CIEMME 80 hat immer wieder in hochqualitativen CNC-Maschinen wie Mazak, Mori Seiki, Okuma investiert, um die h\u00f6chste Pr\u00e4zision und Flexibilit\u00e4t zu gew\u00e4hrleisten. CNC-Fr\u00e4sen N\u00b01 YAMAZAKI MAZAK VARIAXIS i-700 Bearbeitungszentrum f\u00fcr die Mehrseitenbearbeitung mit 5-Achsen-Simultansteuerung mit Renishaw 3D, Hochdruck, K\u00fchlschmiermittel Verfahrbereich X = 630 mm Y = 1100 mm Z = 600 mm Max. Werkst\u00fcckdurchmesser 850mm&#8230;<\/p>\n","protected":false},"author":1,"featured_media":0,"parent":0,"menu_order":0,"comment_status":"closed","ping_status":"closed","template":"","meta":{"footnotes":""},"_links":{"self":[{"href":"https:\/\/www.ciemme80.it\/de\/wp-json\/wp\/v2\/pages\/196"}],"collection":[{"href":"https:\/\/www.ciemme80.it\/de\/wp-json\/wp\/v2\/pages"}],"about":[{"href":"https:\/\/www.ciemme80.it\/de\/wp-json\/wp\/v2\/types\/page"}],"author":[{"embeddable":true,"href":"https:\/\/www.ciemme80.it\/de\/wp-json\/wp\/v2\/users\/1"}],"replies":[{"embeddable":true,"href":"https:\/\/www.ciemme80.it\/de\/wp-json\/wp\/v2\/comments?post=196"}],"version-history":[{"count":15,"href":"https:\/\/www.ciemme80.it\/de\/wp-json\/wp\/v2\/pages\/196\/revisions"}],"predecessor-version":[{"id":361,"href":"https:\/\/www.ciemme80.it\/de\/wp-json\/wp\/v2\/pages\/196\/revisions\/361"}],"wp:attachment":[{"href":"https:\/\/www.ciemme80.it\/de\/wp-json\/wp\/v2\/media?parent=196"}],"curies":[{"name":"wp","href":"https:\/\/api.w.org\/{rel}","templated":true}]}}